{"id":959,"date":"2019-02-13T10:16:02","date_gmt":"2019-02-13T09:16:02","guid":{"rendered":"http:\/\/worldoflina.com\/?page_id=959"},"modified":"2022-09-22T20:14:16","modified_gmt":"2022-09-22T19:14:16","slug":"presse","status":"publish","type":"page","link":"https:\/\/worldoflina.com\/de\/media-press\/","title":{"rendered":"Presse"},"content":{"rendered":"<p class=\"has-text-align-center has-medium-font-size\"><a href=\"https:\/\/www.meinbezirk.at\/\">BEZIRKSBL\u00c4TTER<\/a> Waidhofen\/Ybbstal , Ausgabe 7 13.\/14. Februar 2019<\/p>\n\n\n<div class=\"wp-block-image\">\n<figure class=\"aligncenter\"><img loading=\"lazy\" decoding=\"async\" width=\"612\" height=\"800\" data-pin-url=\"https:\/\/worldoflina.com\/de\/media-press\/?tp_image_id=964\" src=\"http:\/\/worldoflina.com\/wp-content\/uploads\/2019\/02\/Seite6-1-612x800.png\" alt=\"\" class=\"wp-image-964\" srcset=\"https:\/\/worldoflina.com\/wp-content\/uploads\/2019\/02\/Seite6-1-612x800.png 612w, https:\/\/worldoflina.com\/wp-content\/uploads\/2019\/02\/Seite6-1-383x500.png 383w, https:\/\/worldoflina.com\/wp-content\/uploads\/2019\/02\/Seite6-1.png 617w\" sizes=\"auto, (max-width: 612px) 100vw, 612px\" \/><\/figure>\n<\/div>\n\n\n<figure class=\"wp-block-image size-large\"><img loading=\"lazy\" decoding=\"async\" width=\"800\" height=\"673\" data-pin-url=\"https:\/\/worldoflina.com\/de\/media-press\/?tp_image_id=966\" src=\"https:\/\/worldoflina.com\/wp-content\/uploads\/2019\/02\/Seite7-3-800x673.png\" alt=\"Medien &amp; Presse Welt von Lina\" class=\"wp-image-966\" srcset=\"https:\/\/worldoflina.com\/wp-content\/uploads\/2019\/02\/Seite7-3-800x673.png 800w, https:\/\/worldoflina.com\/wp-content\/uploads\/2019\/02\/Seite7-3-500x421.png 500w, https:\/\/worldoflina.com\/wp-content\/uploads\/2019\/02\/Seite7-3-768x647.png 768w, https:\/\/worldoflina.com\/wp-content\/uploads\/2019\/02\/Seite7-3.png 961w\" sizes=\"auto, (max-width: 800px) 100vw, 800px\" \/><\/figure>\n\n\n\n<hr class=\"wp-block-separator has-css-opacity\"\/>\n\n\n\n<p class=\"has-text-align-center has-medium-font-size\"><a href=\"https:\/\/www.meinbezirk.at\/\">ORIGIN Zeitschrift<\/a> Neujahrsausgabe 2020<\/p>\n\n\n<div class=\"wp-block-image\">\n<figure class=\"aligncenter size-large\"><img loading=\"lazy\" decoding=\"async\" width=\"640\" height=\"800\" data-pin-url=\"https:\/\/worldoflina.com\/de\/media-press\/?tp_image_id=3461\" src=\"https:\/\/worldoflina.com\/wp-content\/uploads\/2020\/01\/DSC_1251-2-640x800.jpg\" alt=\"Medien &amp; Presse Welt von Lina\" class=\"wp-image-3461\" srcset=\"https:\/\/worldoflina.com\/wp-content\/uploads\/2020\/01\/DSC_1251-2-640x800.jpg 640w, https:\/\/worldoflina.com\/wp-content\/uploads\/2020\/01\/DSC_1251-2-400x500.jpg 400w, https:\/\/worldoflina.com\/wp-content\/uploads\/2020\/01\/DSC_1251-2-768x960.jpg 768w, https:\/\/worldoflina.com\/wp-content\/uploads\/2020\/01\/DSC_1251-2-1229x1536.jpg 1229w, https:\/\/worldoflina.com\/wp-content\/uploads\/2020\/01\/DSC_1251-2.jpg 1423w\" sizes=\"auto, (max-width: 640px) 100vw, 640px\" \/><\/figure>\n<\/div>\n\n\n<hr class=\"wp-block-separator has-css-opacity\"\/>\n\n\n\n<p class=\"has-text-align-center has-medium-font-size\"><a href=\"https:\/\/www.noen.at\/hallo-mostviertel\/wenn-eine-eine-reise-tut-nofb-312244136\" target=\"_blank\" rel=\"noreferrer noopener\">N\u00d6N \"Hallo Mostviertel\"<\/a> KW06 2022<\/p>\n\n\n<div class=\"wp-block-image\">\n<figure class=\"aligncenter size-full\"><img loading=\"lazy\" decoding=\"async\" width=\"698\" height=\"652\" data-pin-url=\"https:\/\/worldoflina.com\/de\/media-press\/?tp_image_id=13708\" src=\"https:\/\/worldoflina.com\/wp-content\/uploads\/2022\/02\/Screenshot-2022-02-27-19.15.55.png\" alt=\"Medien &amp; Presse Welt von Lina \" class=\"wp-image-13708\" srcset=\"https:\/\/worldoflina.com\/wp-content\/uploads\/2022\/02\/Screenshot-2022-02-27-19.15.55.png 698w, https:\/\/worldoflina.com\/wp-content\/uploads\/2022\/02\/Screenshot-2022-02-27-19.15.55-500x467.png 500w\" sizes=\"auto, (max-width: 698px) 100vw, 698px\" \/><\/figure>\n<\/div>\n\n\n<hr class=\"wp-block-separator has-alpha-channel-opacity\"\/>\n\n\n\n<p class=\"has-medium-font-size\"><a href=\"https:\/\/www.redfin.com\/blog\/outdoor-activities-in-chicago\/\" target=\"_blank\" rel=\"noreferrer noopener\">18 Outdoor-Aktivit\u00e4ten in Chicago, die man laut Einheimischen unbedingt erleben muss<\/a> | <a href=\"https:\/\/www.redfin.com\/rentals\" target=\"_blank\" rel=\"noreferrer noopener\">Redfin<\/a><\/p>","protected":false},"excerpt":{"rendered":"<p>BEZIRKSBL\u00c4TTER Waidhofen\/Ybbstal , Ausgabe 7 13.\/14. Februar 2019 ORIGIN Magazin Neujahrsausgabe 2020 N\u00d6N \"Hallo Mostviertel\" KW06 2022 18 Outdoor-Aktivit\u00e4ten in Chicago, die man erlebt haben muss | Redfin<\/p>","protected":false},"author":1,"featured_media":0,"parent":0,"menu_order":0,"comment_status":"closed","ping_status":"closed","template":"","meta":{"_kb_optimizer_status":0,"_kad_blocks_custom_css":"","_kad_blocks_head_custom_js":"","_kad_blocks_body_custom_js":"","_kad_blocks_footer_custom_js":"","_kad_post_transparent":"","_kad_post_title":"","_kad_post_layout":"right","_kad_post_sidebar_id":"sidebar-primary","_kad_post_content_style":"","_kad_post_vertical_padding":"","_kad_post_feature":"","_kad_post_feature_position":"","_kad_post_header":false,"_kad_post_footer":false,"_kad_post_classname":"","footnotes":""},"class_list":["post-959","page","type-page","status-publish","hentry"],"yoast_head":"<!-- This site is optimized with the Yoast SEO plugin v27.5 - https:\/\/yoast.com\/product\/yoast-seo-wordpress\/ -->\n<title>Media &amp; Press - World of Lina<\/title>\n<meta name=\"description\" content=\"Media and Press. You can find any newspaper articles, photo series and online publications from my blog here. Please contact me for more information.\" \/>\n<meta name=\"robots\" content=\"index, follow, max-snippet:-1, max-image-preview:large, max-video-preview:-1\" \/>\n<link rel=\"canonical\" href=\"https:\/\/worldoflina.com\/de\/presse\/\" \/>\n<meta property=\"og:locale\" content=\"de_DE\" \/>\n<meta property=\"og:type\" content=\"article\" \/>\n<meta property=\"og:title\" content=\"Media &amp; Press - World of Lina\" \/>\n<meta property=\"og:description\" content=\"Media and Press. You can find any newspaper articles, photo series and online publications from my blog here. Please contact me for more information.\" \/>\n<meta property=\"og:url\" content=\"https:\/\/worldoflina.com\/de\/presse\/\" \/>\n<meta property=\"og:site_name\" content=\"World of Lina\" \/>\n<meta property=\"article:publisher\" content=\"https:\/\/facebook.com\/worldoflina\" \/>\n<meta property=\"article:modified_time\" content=\"2022-09-22T19:14:16+00:00\" \/>\n<meta property=\"og:image\" content=\"http:\/\/worldoflina.com\/wp-content\/uploads\/2019\/02\/Seite6-1-612x800.png\" \/>\n<meta name=\"twitter:card\" content=\"summary_large_image\" \/>\n<meta name=\"twitter:site\" content=\"@world_of_lina\" \/>\n<meta name=\"twitter:label1\" content=\"Gesch\u00e4tzte Lesezeit\" \/>\n\t<meta name=\"twitter:data1\" content=\"1\u00a0Minute\" \/>\n<script type=\"application\/ld+json\" class=\"yoast-schema-graph\">{\"@context\":\"https:\\\/\\\/schema.org\",\"@graph\":[{\"@type\":\"WebPage\",\"@id\":\"https:\\\/\\\/worldoflina.com\\\/media-press\\\/\",\"url\":\"https:\\\/\\\/worldoflina.com\\\/media-press\\\/\",\"name\":\"Media & Press - World of Lina\",\"isPartOf\":{\"@id\":\"https:\\\/\\\/worldoflina.com\\\/#website\"},\"primaryImageOfPage\":{\"@id\":\"https:\\\/\\\/worldoflina.com\\\/media-press\\\/#primaryimage\"},\"image\":{\"@id\":\"https:\\\/\\\/worldoflina.com\\\/media-press\\\/#primaryimage\"},\"thumbnailUrl\":\"http:\\\/\\\/worldoflina.com\\\/wp-content\\\/uploads\\\/2019\\\/02\\\/Seite6-1-612x800.png\",\"datePublished\":\"2019-02-13T09:16:02+00:00\",\"dateModified\":\"2022-09-22T19:14:16+00:00\",\"description\":\"Media and Press. You can find any newspaper articles, photo series and online publications from my blog here. Please contact me for more information.\",\"breadcrumb\":{\"@id\":\"https:\\\/\\\/worldoflina.com\\\/media-press\\\/#breadcrumb\"},\"inLanguage\":\"de\",\"potentialAction\":[{\"@type\":\"ReadAction\",\"target\":[\"https:\\\/\\\/worldoflina.com\\\/media-press\\\/\"]}]},{\"@type\":\"ImageObject\",\"inLanguage\":\"de\",\"@id\":\"https:\\\/\\\/worldoflina.com\\\/media-press\\\/#primaryimage\",\"url\":\"http:\\\/\\\/worldoflina.com\\\/wp-content\\\/uploads\\\/2019\\\/02\\\/Seite6-1-612x800.png\",\"contentUrl\":\"http:\\\/\\\/worldoflina.com\\\/wp-content\\\/uploads\\\/2019\\\/02\\\/Seite6-1-612x800.png\"},{\"@type\":\"BreadcrumbList\",\"@id\":\"https:\\\/\\\/worldoflina.com\\\/media-press\\\/#breadcrumb\",\"itemListElement\":[{\"@type\":\"ListItem\",\"position\":1,\"name\":\"Home\",\"item\":\"https:\\\/\\\/worldoflina.com\\\/\"},{\"@type\":\"ListItem\",\"position\":2,\"name\":\"Media &#038; Press\"}]},{\"@type\":\"WebSite\",\"@id\":\"https:\\\/\\\/worldoflina.com\\\/#website\",\"url\":\"https:\\\/\\\/worldoflina.com\\\/\",\"name\":\"World of Lina\",\"description\":\"\",\"publisher\":{\"@id\":\"https:\\\/\\\/worldoflina.com\\\/#\\\/schema\\\/person\\\/a0672982a6517ed23ee03d42132a295c\"},\"potentialAction\":[{\"@type\":\"SearchAction\",\"target\":{\"@type\":\"EntryPoint\",\"urlTemplate\":\"https:\\\/\\\/worldoflina.com\\\/?s={search_term_string}\"},\"query-input\":{\"@type\":\"PropertyValueSpecification\",\"valueRequired\":true,\"valueName\":\"search_term_string\"}}],\"inLanguage\":\"de\"},{\"@type\":[\"Person\",\"Organization\"],\"@id\":\"https:\\\/\\\/worldoflina.com\\\/#\\\/schema\\\/person\\\/a0672982a6517ed23ee03d42132a295c\",\"name\":\"Lina\",\"image\":{\"@type\":\"ImageObject\",\"inLanguage\":\"de\",\"@id\":\"https:\\\/\\\/worldoflina.com\\\/wp-content\\\/uploads\\\/2023\\\/03\\\/cropped-cropped-World-of-Lina-5.jpg\",\"url\":\"https:\\\/\\\/worldoflina.com\\\/wp-content\\\/uploads\\\/2023\\\/03\\\/cropped-cropped-World-of-Lina-5.jpg\",\"contentUrl\":\"https:\\\/\\\/worldoflina.com\\\/wp-content\\\/uploads\\\/2023\\\/03\\\/cropped-cropped-World-of-Lina-5.jpg\",\"width\":688,\"height\":411,\"caption\":\"Lina\"},\"logo\":{\"@id\":\"https:\\\/\\\/worldoflina.com\\\/wp-content\\\/uploads\\\/2023\\\/03\\\/cropped-cropped-World-of-Lina-5.jpg\"},\"description\":\"Hey and welcome to my blog! I\u2019m Alina, a travel blogger and content creator from Austria with a love for vegan food, unique stays, and discovering both iconic places and hidden gems. Come and join me on my travels and get inspired for your own adventures!\",\"sameAs\":[\"https:\\\/\\\/worldoflina.com\\\/about-world-of-lina\\\/\",\"https:\\\/\\\/facebook.com\\\/worldoflina\",\"https:\\\/\\\/www.instagram.com\\\/world.of.lina\",\"https:\\\/\\\/www.pinterest.com\\\/worldoflinatravel\",\"https:\\\/\\\/x.com\\\/https:\\\/\\\/www.twitter.com\\\/world_of_lina\"]}]}<\/script>\n<!-- \/ Yoast SEO plugin. -->","yoast_head_json":{"title":"Presseartikel","description":"Hier findest du Zeitungsartikel, Foto-Serien und Online-Ver\u00f6ffentlichungen von meinem Blog. F\u00fcr weitere Informationen kannst du mich gerne kontaktieren.","robots":{"index":"index","follow":"follow","max-snippet":"max-snippet:-1","max-image-preview":"max-image-preview:large","max-video-preview":"max-video-preview:-1"},"canonical":"https:\/\/worldoflina.com\/de\/presse\/","og_locale":"de_DE","og_type":"article","og_title":"Media & Press - World of Lina","og_description":"Media and Press. You can find any newspaper articles, photo series and online publications from my blog here. Please contact me for more information.","og_url":"https:\/\/worldoflina.com\/de\/presse\/","og_site_name":"World of Lina","article_publisher":"https:\/\/facebook.com\/worldoflina","article_modified_time":"2022-09-22T19:14:16+00:00","og_image":[{"url":"http:\/\/worldoflina.com\/wp-content\/uploads\/2019\/02\/Seite6-1-612x800.png","type":"","width":"","height":""}],"twitter_card":"summary_large_image","twitter_site":"@world_of_lina","twitter_misc":{"Gesch\u00e4tzte Lesezeit":"1\u00a0Minute"},"schema":{"@context":"https:\/\/schema.org","@graph":[{"@type":"WebPage","@id":"https:\/\/worldoflina.com\/media-press\/","url":"https:\/\/worldoflina.com\/media-press\/","name":"Presseartikel","isPartOf":{"@id":"https:\/\/worldoflina.com\/#website"},"primaryImageOfPage":{"@id":"https:\/\/worldoflina.com\/media-press\/#primaryimage"},"image":{"@id":"https:\/\/worldoflina.com\/media-press\/#primaryimage"},"thumbnailUrl":"http:\/\/worldoflina.com\/wp-content\/uploads\/2019\/02\/Seite6-1-612x800.png","datePublished":"2019-02-13T09:16:02+00:00","dateModified":"2022-09-22T19:14:16+00:00","description":"Hier findest du Zeitungsartikel, Foto-Serien und Online-Ver\u00f6ffentlichungen von meinem Blog. F\u00fcr weitere Informationen kannst du mich gerne kontaktieren.","breadcrumb":{"@id":"https:\/\/worldoflina.com\/media-press\/#breadcrumb"},"inLanguage":"de","potentialAction":[{"@type":"ReadAction","target":["https:\/\/worldoflina.com\/media-press\/"]}]},{"@type":"ImageObject","inLanguage":"de","@id":"https:\/\/worldoflina.com\/media-press\/#primaryimage","url":"http:\/\/worldoflina.com\/wp-content\/uploads\/2019\/02\/Seite6-1-612x800.png","contentUrl":"http:\/\/worldoflina.com\/wp-content\/uploads\/2019\/02\/Seite6-1-612x800.png"},{"@type":"BreadcrumbList","@id":"https:\/\/worldoflina.com\/media-press\/#breadcrumb","itemListElement":[{"@type":"ListItem","position":1,"name":"Home","item":"https:\/\/worldoflina.com\/"},{"@type":"ListItem","position":2,"name":"Media &#038; Press"}]},{"@type":"WebSite","@id":"https:\/\/worldoflina.com\/#website","url":"https:\/\/worldoflina.com\/","name":"World of Lina","description":"","publisher":{"@id":"https:\/\/worldoflina.com\/#\/schema\/person\/a0672982a6517ed23ee03d42132a295c"},"potentialAction":[{"@type":"SearchAction","target":{"@type":"EntryPoint","urlTemplate":"https:\/\/worldoflina.com\/?s={search_term_string}"},"query-input":{"@type":"PropertyValueSpecification","valueRequired":true,"valueName":"search_term_string"}}],"inLanguage":"de"},{"@type":["Person","Organization"],"@id":"https:\/\/worldoflina.com\/#\/schema\/person\/a0672982a6517ed23ee03d42132a295c","name":"Lina","image":{"@type":"ImageObject","inLanguage":"de","@id":"https:\/\/worldoflina.com\/wp-content\/uploads\/2023\/03\/cropped-cropped-World-of-Lina-5.jpg","url":"https:\/\/worldoflina.com\/wp-content\/uploads\/2023\/03\/cropped-cropped-World-of-Lina-5.jpg","contentUrl":"https:\/\/worldoflina.com\/wp-content\/uploads\/2023\/03\/cropped-cropped-World-of-Lina-5.jpg","width":688,"height":411,"caption":"Lina"},"logo":{"@id":"https:\/\/worldoflina.com\/wp-content\/uploads\/2023\/03\/cropped-cropped-World-of-Lina-5.jpg"},"description":"Hallo und willkommen auf meinem Blog! Ich bin Alina, eine Reisebloggerin und Content Creator aus \u00d6sterreich mit einer Vorliebe f\u00fcr veganes Essen, einzigartige Aufenthalte und die Entdeckung von ber\u00fchmten Orten und versteckten Juwelen. Komm und begleite mich auf meinen Reisen und lass dich f\u00fcr deine eigenen Abenteuer inspirieren!","sameAs":["https:\/\/worldoflina.com\/about-world-of-lina\/","https:\/\/facebook.com\/worldoflina","https:\/\/www.instagram.com\/world.of.lina","https:\/\/www.pinterest.com\/worldoflinatravel","https:\/\/x.com\/https:\/\/www.twitter.com\/world_of_lina"]}]}},"taxonomy_info":[],"featured_image_src_large":false,"author_info":{"display_name":"Lina","author_link":"https:\/\/worldoflina.com\/de\/author\/admin\/"},"comment_info":0,"_links":{"self":[{"href":"https:\/\/worldoflina.com\/de\/wp-json\/wp\/v2\/pages\/959","targetHints":{"allow":["GET"]}}],"collection":[{"href":"https:\/\/worldoflina.com\/de\/wp-json\/wp\/v2\/pages"}],"about":[{"href":"https:\/\/worldoflina.com\/de\/wp-json\/wp\/v2\/types\/page"}],"author":[{"embeddable":true,"href":"https:\/\/worldoflina.com\/de\/wp-json\/wp\/v2\/users\/1"}],"replies":[{"embeddable":true,"href":"https:\/\/worldoflina.com\/de\/wp-json\/wp\/v2\/comments?post=959"}],"version-history":[{"count":0,"href":"https:\/\/worldoflina.com\/de\/wp-json\/wp\/v2\/pages\/959\/revisions"}],"wp:attachment":[{"href":"https:\/\/worldoflina.com\/de\/wp-json\/wp\/v2\/media?parent=959"}],"curies":[{"name":"wp","href":"https:\/\/api.w.org\/{rel}","templated":true}]}}